{"id":3441,"date":"2025-06-05T10:41:48","date_gmt":"2025-06-05T08:41:48","guid":{"rendered":"https:\/\/www.mentarossa.it\/?post_type=product&#038;p=3441"},"modified":"2026-02-20T10:37:24","modified_gmt":"2026-02-20T09:37:24","slug":"borsa-in-tela-sono-piena","status":"publish","type":"product","link":"https:\/\/www.mentarossa.it\/en\/prodotto\/borsa-in-tela-sono-piena\/","title":{"rendered":"Borsa in tela &#8220;Sono Piena&#8221;"},"content":{"rendered":"","protected":false},"excerpt":{"rendered":"<p data-start=\"175\" data-end=\"631\">La nostra borsa in tela <strong data-start=\"184\" data-end=\"200\">\u201cSono piena\u201d<\/strong> \u00e8 l\u2019accessorio perfetto per chi ha sempre qualcosa da dire (o da portare con s\u00e9). Ironica, capiente e sinceramente onesta: perch\u00e9 s\u00ec, a volte siamo piene. Di libri, di pensieri, di impegni\u2026 e anche un po\u2019 di drammi.<\/p>\n<p data-start=\"633\" data-end=\"653\"><strong data-start=\"633\" data-end=\"653\">Caratteristiche:<\/strong><\/p>\n<ul data-start=\"654\" data-end=\"857\">\n<li data-start=\"654\" data-end=\"676\">\n<p data-start=\"656\" data-end=\"676\">Bella<\/p>\n<\/li>\n<li data-start=\"677\" data-end=\"714\">\n<p data-start=\"679\" data-end=\"714\">Autoironica<\/p>\n<\/li>\n<li data-start=\"715\" data-end=\"760\">\n<p data-start=\"717\" data-end=\"760\">Stampa di alta qualit\u00e0<\/p>\n<\/li>\n<li data-start=\"761\" data-end=\"825\">\n<p data-start=\"763\" data-end=\"825\">Dimensioni perfette per libri, tablet, spesa o pensieri ingombranti<\/p>\n<\/li>\n<\/ul>\n<p data-start=\"859\" data-end=\"975\"><strong>Regalati (o regala) una borsa che parla chiaro.<\/strong><br data-start=\"839\" data-end=\"842\" \/><strong data-start=\"842\" data-end=\"897\" data-is-last-node=\"\">Non sei esagerata, sei solo &#8220;piena&#8221; di personalit\u00e0.<\/strong><\/p>\n","protected":false},"featured_media":3470,"template":"","meta":{"_acf_changed":false,"inline_featured_image":false},"product_brand":[],"product_cat":[60],"product_tag":[],"class_list":{"0":"post-3441","1":"product","2":"type-product","3":"status-publish","4":"has-post-thumbnail","6":"product_cat-senza-categoria","7":"entry","8":"has-media","10":"first","11":"instock","12":"shipping-taxable","13":"purchasable","14":"product-type-simple"},"acf":[],"yoast_head":"<!-- This site is optimized with the Yoast SEO plugin v26.3 - https:\/\/yoast.com\/wordpress\/plugins\/seo\/ -->\n<title>Borsa in tela &quot;Sono Piena&quot; - Mentarossa<\/title>\n<meta name=\"description\" content=\"La nostra borsa in tela \u201cSono piena\u201d \u00e8 l\u2019accessorio perfetto per chi ha sempre qualcosa da dire (o da portare con s\u00e9). Ironica, capiente e sinceramente onesta: perch\u00e9 s\u00ec, a volte siamo piene. Di libri, di pensieri, di impegni\u2026 e anche un po\u2019 di drammi.\" \/>\n<meta name=\"robots\" content=\"index, follow, max-snippet:-1, max-image-preview:large, max-video-preview:-1\" \/>\n<link rel=\"canonical\" href=\"https:\/\/www.mentarossa.it\/prodotto\/borsa-in-tela-sono-piena\/\" \/>\n<meta property=\"og:locale\" content=\"en_US\" \/>\n<meta property=\"og:type\" content=\"article\" \/>\n<meta property=\"og:title\" content=\"Borsa in tela &quot;Sono Piena&quot; - Mentarossa\" \/>\n<meta property=\"og:description\" content=\"La nostra borsa in tela \u201cSono piena\u201d \u00e8 l\u2019accessorio perfetto per chi ha sempre qualcosa da dire (o da portare con s\u00e9). Ironica, capiente e sinceramente onesta: perch\u00e9 s\u00ec, a volte siamo piene. Di libri, di pensieri, di impegni\u2026 e anche un po\u2019 di drammi.\" \/>\n<meta property=\"og:url\" content=\"https:\/\/www.mentarossa.it\/prodotto\/borsa-in-tela-sono-piena\/\" \/>\n<meta property=\"og:site_name\" content=\"Mentarossa\" \/>\n<meta property=\"article:modified_time\" content=\"2026-02-20T09:37:24+00:00\" \/>\n<meta property=\"og:image\" content=\"https:\/\/www.mentarossa.it\/wp-content\/uploads\/2025\/06\/Borsa-blu.jpg\" \/>\n\t<meta property=\"og:image:width\" content=\"400\" \/>\n\t<meta property=\"og:image:height\" content=\"400\" \/>\n\t<meta property=\"og:image:type\" content=\"image\/jpeg\" \/>\n<meta name=\"twitter:card\" content=\"summary_large_image\" \/>\n<meta name=\"twitter:label1\" content=\"Est. reading time\" \/>\n\t<meta name=\"twitter:data1\" content=\"1 minute\" \/>\n<script type=\"application\/ld+json\" class=\"yoast-schema-graph\">{\"@context\":\"https:\/\/schema.org\",\"@graph\":[{\"@type\":\"WebPage\",\"@id\":\"https:\/\/www.mentarossa.it\/prodotto\/borsa-in-tela-sono-piena\/\",\"url\":\"https:\/\/www.mentarossa.it\/prodotto\/borsa-in-tela-sono-piena\/\",\"name\":\"Borsa in tela \\\"Sono Piena\\\" - Mentarossa\",\"isPartOf\":{\"@id\":\"https:\/\/www.mentarossa.it\/#website\"},\"primaryImageOfPage\":{\"@id\":\"https:\/\/www.mentarossa.it\/prodotto\/borsa-in-tela-sono-piena\/#primaryimage\"},\"image\":{\"@id\":\"https:\/\/www.mentarossa.it\/prodotto\/borsa-in-tela-sono-piena\/#primaryimage\"},\"thumbnailUrl\":\"https:\/\/www.mentarossa.it\/wp-content\/uploads\/2025\/06\/Borsa-blu.jpg\",\"datePublished\":\"2025-06-05T08:41:48+00:00\",\"dateModified\":\"2026-02-20T09:37:24+00:00\",\"description\":\"La nostra borsa in tela \u201cSono piena\u201d \u00e8 l\u2019accessorio perfetto per chi ha sempre qualcosa da dire (o da portare con s\u00e9). Ironica, capiente e sinceramente onesta: perch\u00e9 s\u00ec, a volte siamo piene. Di libri, di pensieri, di impegni\u2026 e anche un po\u2019 di drammi.\",\"breadcrumb\":{\"@id\":\"https:\/\/www.mentarossa.it\/prodotto\/borsa-in-tela-sono-piena\/#breadcrumb\"},\"inLanguage\":\"en-US\",\"potentialAction\":[{\"@type\":\"ReadAction\",\"target\":[\"https:\/\/www.mentarossa.it\/prodotto\/borsa-in-tela-sono-piena\/\"]}]},{\"@type\":\"ImageObject\",\"inLanguage\":\"en-US\",\"@id\":\"https:\/\/www.mentarossa.it\/prodotto\/borsa-in-tela-sono-piena\/#primaryimage\",\"url\":\"https:\/\/www.mentarossa.it\/wp-content\/uploads\/2025\/06\/Borsa-blu.jpg\",\"contentUrl\":\"https:\/\/www.mentarossa.it\/wp-content\/uploads\/2025\/06\/Borsa-blu.jpg\",\"width\":400,\"height\":400},{\"@type\":\"BreadcrumbList\",\"@id\":\"https:\/\/www.mentarossa.it\/prodotto\/borsa-in-tela-sono-piena\/#breadcrumb\",\"itemListElement\":[{\"@type\":\"ListItem\",\"position\":1,\"name\":\"Home\",\"item\":\"https:\/\/www.mentarossa.it\/en\/\"},{\"@type\":\"ListItem\",\"position\":2,\"name\":\"Prodotti\",\"item\":\"https:\/\/www.mentarossa.it\/shop\/\"},{\"@type\":\"ListItem\",\"position\":3,\"name\":\"Borsa in tela &#8220;Sono Piena&#8221;\"}]},{\"@type\":\"WebSite\",\"@id\":\"https:\/\/www.mentarossa.it\/#website\",\"url\":\"https:\/\/www.mentarossa.it\/\",\"name\":\"Mentarossa\",\"description\":\"\",\"publisher\":{\"@id\":\"https:\/\/www.mentarossa.it\/#organization\"},\"potentialAction\":[{\"@type\":\"SearchAction\",\"target\":{\"@type\":\"EntryPoint\",\"urlTemplate\":\"https:\/\/www.mentarossa.it\/?s={search_term_string}\"},\"query-input\":{\"@type\":\"PropertyValueSpecification\",\"valueRequired\":true,\"valueName\":\"search_term_string\"}}],\"inLanguage\":\"en-US\"},{\"@type\":\"Organization\",\"@id\":\"https:\/\/www.mentarossa.it\/#organization\",\"name\":\"Mentarossa\",\"url\":\"https:\/\/www.mentarossa.it\/\",\"logo\":{\"@type\":\"ImageObject\",\"inLanguage\":\"en-US\",\"@id\":\"https:\/\/www.mentarossa.it\/#\/schema\/logo\/image\/\",\"url\":\"https:\/\/www.mentarossa.it\/wp-content\/uploads\/2025\/03\/mentarossa.svg\",\"contentUrl\":\"https:\/\/www.mentarossa.it\/wp-content\/uploads\/2025\/03\/mentarossa.svg\",\"width\":192,\"height\":25,\"caption\":\"Mentarossa\"},\"image\":{\"@id\":\"https:\/\/www.mentarossa.it\/#\/schema\/logo\/image\/\"}}]}<\/script>\n<!-- \/ Yoast SEO plugin. -->","yoast_head_json":{"title":"Borsa in tela \"Sono Piena\" - Mentarossa","description":"La nostra borsa in tela \u201cSono piena\u201d \u00e8 l\u2019accessorio perfetto per chi ha sempre qualcosa da dire (o da portare con s\u00e9). Ironica, capiente e sinceramente onesta: perch\u00e9 s\u00ec, a volte siamo piene. Di libri, di pensieri, di impegni\u2026 e anche un po\u2019 di drammi.","robots":{"index":"index","follow":"follow","max-snippet":"max-snippet:-1","max-image-preview":"max-image-preview:large","max-video-preview":"max-video-preview:-1"},"canonical":"https:\/\/www.mentarossa.it\/prodotto\/borsa-in-tela-sono-piena\/","og_locale":"en_US","og_type":"article","og_title":"Borsa in tela \"Sono Piena\" - Mentarossa","og_description":"La nostra borsa in tela \u201cSono piena\u201d \u00e8 l\u2019accessorio perfetto per chi ha sempre qualcosa da dire (o da portare con s\u00e9). Ironica, capiente e sinceramente onesta: perch\u00e9 s\u00ec, a volte siamo piene. Di libri, di pensieri, di impegni\u2026 e anche un po\u2019 di drammi.","og_url":"https:\/\/www.mentarossa.it\/prodotto\/borsa-in-tela-sono-piena\/","og_site_name":"Mentarossa","article_modified_time":"2026-02-20T09:37:24+00:00","og_image":[{"width":400,"height":400,"url":"https:\/\/www.mentarossa.it\/wp-content\/uploads\/2025\/06\/Borsa-blu.jpg","type":"image\/jpeg"}],"twitter_card":"summary_large_image","twitter_misc":{"Est. reading time":"1 minute"},"schema":{"@context":"https:\/\/schema.org","@graph":[{"@type":"WebPage","@id":"https:\/\/www.mentarossa.it\/prodotto\/borsa-in-tela-sono-piena\/","url":"https:\/\/www.mentarossa.it\/prodotto\/borsa-in-tela-sono-piena\/","name":"Borsa in tela \"Sono Piena\" - Mentarossa","isPartOf":{"@id":"https:\/\/www.mentarossa.it\/#website"},"primaryImageOfPage":{"@id":"https:\/\/www.mentarossa.it\/prodotto\/borsa-in-tela-sono-piena\/#primaryimage"},"image":{"@id":"https:\/\/www.mentarossa.it\/prodotto\/borsa-in-tela-sono-piena\/#primaryimage"},"thumbnailUrl":"https:\/\/www.mentarossa.it\/wp-content\/uploads\/2025\/06\/Borsa-blu.jpg","datePublished":"2025-06-05T08:41:48+00:00","dateModified":"2026-02-20T09:37:24+00:00","description":"La nostra borsa in tela \u201cSono piena\u201d \u00e8 l\u2019accessorio perfetto per chi ha sempre qualcosa da dire (o da portare con s\u00e9). Ironica, capiente e sinceramente onesta: perch\u00e9 s\u00ec, a volte siamo piene. Di libri, di pensieri, di impegni\u2026 e anche un po\u2019 di drammi.","breadcrumb":{"@id":"https:\/\/www.mentarossa.it\/prodotto\/borsa-in-tela-sono-piena\/#breadcrumb"},"inLanguage":"en-US","potentialAction":[{"@type":"ReadAction","target":["https:\/\/www.mentarossa.it\/prodotto\/borsa-in-tela-sono-piena\/"]}]},{"@type":"ImageObject","inLanguage":"en-US","@id":"https:\/\/www.mentarossa.it\/prodotto\/borsa-in-tela-sono-piena\/#primaryimage","url":"https:\/\/www.mentarossa.it\/wp-content\/uploads\/2025\/06\/Borsa-blu.jpg","contentUrl":"https:\/\/www.mentarossa.it\/wp-content\/uploads\/2025\/06\/Borsa-blu.jpg","width":400,"height":400},{"@type":"BreadcrumbList","@id":"https:\/\/www.mentarossa.it\/prodotto\/borsa-in-tela-sono-piena\/#breadcrumb","itemListElement":[{"@type":"ListItem","position":1,"name":"Home","item":"https:\/\/www.mentarossa.it\/en\/"},{"@type":"ListItem","position":2,"name":"Prodotti","item":"https:\/\/www.mentarossa.it\/shop\/"},{"@type":"ListItem","position":3,"name":"Borsa in tela &#8220;Sono Piena&#8221;"}]},{"@type":"WebSite","@id":"https:\/\/www.mentarossa.it\/#website","url":"https:\/\/www.mentarossa.it\/","name":"Mentarossa","description":"","publisher":{"@id":"https:\/\/www.mentarossa.it\/#organization"},"potentialAction":[{"@type":"SearchAction","target":{"@type":"EntryPoint","urlTemplate":"https:\/\/www.mentarossa.it\/?s={search_term_string}"},"query-input":{"@type":"PropertyValueSpecification","valueRequired":true,"valueName":"search_term_string"}}],"inLanguage":"en-US"},{"@type":"Organization","@id":"https:\/\/www.mentarossa.it\/#organization","name":"Mentarossa","url":"https:\/\/www.mentarossa.it\/","logo":{"@type":"ImageObject","inLanguage":"en-US","@id":"https:\/\/www.mentarossa.it\/#\/schema\/logo\/image\/","url":"https:\/\/www.mentarossa.it\/wp-content\/uploads\/2025\/03\/mentarossa.svg","contentUrl":"https:\/\/www.mentarossa.it\/wp-content\/uploads\/2025\/03\/mentarossa.svg","width":192,"height":25,"caption":"Mentarossa"},"image":{"@id":"https:\/\/www.mentarossa.it\/#\/schema\/logo\/image\/"}}]}},"_links":{"self":[{"href":"https:\/\/www.mentarossa.it\/en\/wp-json\/wp\/v2\/product\/3441","targetHints":{"allow":["GET"]}}],"collection":[{"href":"https:\/\/www.mentarossa.it\/en\/wp-json\/wp\/v2\/product"}],"about":[{"href":"https:\/\/www.mentarossa.it\/en\/wp-json\/wp\/v2\/types\/product"}],"wp:featuredmedia":[{"embeddable":true,"href":"https:\/\/www.mentarossa.it\/en\/wp-json\/wp\/v2\/media\/3470"}],"wp:attachment":[{"href":"https:\/\/www.mentarossa.it\/en\/wp-json\/wp\/v2\/media?parent=3441"}],"wp:term":[{"taxonomy":"product_brand","embeddable":true,"href":"https:\/\/www.mentarossa.it\/en\/wp-json\/wp\/v2\/product_brand?post=3441"},{"taxonomy":"product_cat","embeddable":true,"href":"https:\/\/www.mentarossa.it\/en\/wp-json\/wp\/v2\/product_cat?post=3441"},{"taxonomy":"product_tag","embeddable":true,"href":"https:\/\/www.mentarossa.it\/en\/wp-json\/wp\/v2\/product_tag?post=3441"}],"curies":[{"name":"wp","href":"https:\/\/api.w.org\/{rel}","templated":true}]}}